{"id":1550,"date":"2024-03-04T09:47:26","date_gmt":"2024-03-04T09:47:26","guid":{"rendered":"https:\/\/pickleball-vorarlberg.at\/?page_id=1550"},"modified":"2024-03-04T16:14:25","modified_gmt":"2024-03-04T16:14:25","slug":"impressum","status":"publish","type":"page","link":"https:\/\/pickleball-vorarlberg.at\/index.php\/impressum\/","title":{"rendered":"Impressum"},"content":{"rendered":"\t\t<div data-elementor-type=\"wp-page\" data-elementor-id=\"1550\" class=\"elementor elementor-1550\" data-elementor-post-type=\"page\">\n\t\t\t\t<div class=\"elementor-element elementor-element-35dad6e e-con-full e-flex e-con e-parent\" data-id=\"35dad6e\" data-element_type=\"container\" data-e-type=\"container\" data-settings=\"{&quot;background_background&quot;:&quot;classic&quot;,&quot;background_motion_fx_motion_fx_scrolling&quot;:&quot;yes&quot;,&quot;background_motion_fx_translateX_effect&quot;:&quot;yes&quot;,&quot;background_motion_fx_translateY_effect&quot;:&quot;yes&quot;,&quot;background_motion_fx_translateY_direction&quot;:&quot;negative&quot;,&quot;background_motion_fx_translateX_speed&quot;:{&quot;unit&quot;:&quot;px&quot;,&quot;size&quot;:4.2,&quot;sizes&quot;:[]},&quot;background_motion_fx_range&quot;:&quot;page&quot;,&quot;background_motion_fx_translateY_speed&quot;:{&quot;unit&quot;:&quot;px&quot;,&quot;size&quot;:4.2,&quot;sizes&quot;:[]},&quot;background_motion_fx_translateY_affectedRange&quot;:{&quot;unit&quot;:&quot;%&quot;,&quot;size&quot;:&quot;&quot;,&quot;sizes&quot;:{&quot;start&quot;:0,&quot;end&quot;:100}},&quot;background_motion_fx_translateX_affectedRange&quot;:{&quot;unit&quot;:&quot;%&quot;,&quot;size&quot;:&quot;&quot;,&quot;sizes&quot;:{&quot;start&quot;:0,&quot;end&quot;:100}},&quot;background_motion_fx_devices&quot;:[&quot;desktop&quot;,&quot;tablet&quot;,&quot;mobile&quot;]}\">\n\t\t\t\t<div class=\"elementor-element elementor-element-c1d3a30 elementor-widget elementor-widget-spacer\" data-id=\"c1d3a30\" data-element_type=\"widget\" data-e-type=\"widget\" data-widget_type=\"spacer.default\">\n\t\t\t\t<div class=\"elementor-widget-container\">\n\t\t\t\t\t\t\t<div class=\"elementor-spacer\">\n\t\t\t<div class=\"elementor-spacer-inner\"><\/div>\n\t\t<\/div>\n\t\t\t\t\t\t<\/div>\n\t\t\t\t<\/div>\n\t\t<div class=\"elementor-element elementor-element-58bb3b5 e-con-full module-padding-universal e-flex e-con e-child\" data-id=\"58bb3b5\" data-element_type=\"container\" data-e-type=\"container\" data-settings=\"{&quot;background_background&quot;:&quot;classic&quot;}\">\n\t\t<div class=\"elementor-element elementor-element-aeb7f26 e-con-full e-flex e-con e-child\" data-id=\"aeb7f26\" data-element_type=\"container\" data-e-type=\"container\">\n\t\t\t\t<div class=\"elementor-element elementor-element-4fe7fbb medium elementor-widget elementor-widget-heading\" data-id=\"4fe7fbb\" data-element_type=\"widget\" data-e-type=\"widget\" data-widget_type=\"heading.default\">\n\t\t\t\t<div class=\"elementor-widget-container\">\n\t\t\t\t\t<h2 class=\"elementor-heading-title elementor-size-default\">Impressum<\/h2>\t\t\t\t<\/div>\n\t\t\t\t<\/div>\n\t\t\t\t<div class=\"elementor-element elementor-element-2e348d9 elementor-widget elementor-widget-text-editor\" data-id=\"2e348d9\" data-element_type=\"widget\" data-e-type=\"widget\" data-widget_type=\"text-editor.default\">\n\t\t\t\t<div class=\"elementor-widget-container\">\n\t\t\t\t\t\t\t\t\t<p><strong><span class=\"theming-theme-dark\">Dienstanbieter<\/span><\/strong><\/p><p>Verein Pickleball Vorarlberg<br \/>Waldgasse 17<br \/>6800 Feldkirch, \u00d6sterreich<\/p><p><strong><span class=\"theming-theme-dark\"><br \/>Kontaktm\u00f6glichkeiten<\/span><\/strong><\/p><p><span class=\"theming-theme-dark\">E-Mail:\u00a0<\/span><a href=\"mailto:info@pickelball-vorarlberg.at\"><span class=\"theming-theme-dark\">info@pickelball-vorarlberg.at<\/span><\/a><\/p><p><span class=\"theming-theme-dark\">Kontaktformular: <\/span><a href=\"https:\/\/pickleball-vorarlberg.at\/index.php\/kontakt\/\"><span class=\"theming-theme-dark\">www.pickelball-vorarlberg.at\/kontakt<\/span><\/a><\/p><p><strong><span class=\"theming-theme-dark\"><br \/>Vertretungsberechtigte Personen<\/span><\/strong><\/p><p><span class=\"theming-theme-dark\">Oliver Baltzer und Andreas Mathis<\/span><\/p><p><span class=\"theming-theme-dark\">Audiovisuelle Mediendienste<\/span><\/p><p><span class=\"theming-theme-dark\">Sitzland: \u00d6sterreich<\/span><\/p><p><span class=\"theming-theme-dark\">Zust\u00e4ndige Regulierungs-, bzw. Aufsichtsbeh\u00f6rde: Kommunikationsbeh\u00f6rde Austria (KommAustria), <\/span><a href=\"https:\/\/www.rtr.at\/\" target=\"_blank\" rel=\"noopener\"><span class=\"theming-theme-dark\">www.rtr.at<\/span><\/a><\/p><p><span class=\"theming-theme-dark\"><br \/><strong>Angaben zum Unternehmen<\/strong><\/span><\/p><p>Verein Pickleball Vorarlberg<\/p><p>Gef\u00fchrt bei:\u00a0Bezirkshauptmannschaft Feldkirch<\/p><p>Nummer:\u00a01508016042<\/p><p><strong><br \/>Gestaltung und Programmierung<\/strong><\/p><p>Weber, Mathis und Freunde, Dornbirn<\/p><p><strong><br \/>Haftungsausschluss<\/strong><\/p><p>Der Autor bzw. Betreiber dieser Webseiten ist bestrebt, die darin angebotenen Informationen nach bestem Wissen und Gewissen aktuell, vollst\u00e4ndig und richtig darzustellen und aktuell zu halten. Dennoch wird jegliche Haftung f\u00fcr Sch\u00e4den und sonstige wie immer geartete Nachteile ausgeschlossen, die sich aus der Nutzung (oder Nichtnutzung) der angebotenen Informationen ergeben k\u00f6nnen. Verweise auf fremde Webseiten (Links, Hyperlinks) dienen lediglich der Information und liegen au\u00dferhalb des Verantwortungsbereiches des Autors bzw. Betreibers. F\u00fcr Inhalte externer Internetseiten wird demgem\u00e4\u00df keine wie immer geartete Verantwortung bzw. Haftung \u00fcbernommen.<\/p><p><strong><br \/>Urheberrecht<\/strong><\/p><p>Die Inhalte (Texte und Bilder) dieser Website sind urheberrechtlich gesch\u00fctzt und nur f\u00fcr die pers\u00f6nliche Verwendung bestimmt. Jede den Bestimmungen des Urheberrechtsgesetzes widersprechende Verwendung jeglicher Inhalte dieser Website \u2013 insbesondere die weitergehende Nutzung wie beispielsweise die Ver\u00f6ffentlichung, Vervielf\u00e4ltigung und jede Form von gewerblicher Nutzung sowie die Weitergabe an Dritte \u2013 auch in Teilen oder in \u00fcberarbeiteter Form \u2013 ohne ausdr\u00fcckliche vorherige Zustimmung des Urhebers\/Verfassers ist untersagt.<\/p>\t\t\t\t\t\t\t\t<\/div>\n\t\t\t\t<\/div>\n\t\t\t\t<\/div>\n\t\t\t\t<\/div>\n\t\t\t\t<\/div>\n\t\t\t\t<\/div>\n\t\t","protected":false},"excerpt":{"rendered":"<p>Impressum Dienstanbieter Verein Pickleball VorarlbergWaldgasse 176800 Feldkirch, \u00d6sterreich Kontaktm\u00f6glichkeiten E-Mail:\u00a0info@pickelball-vorarlberg.at Kontaktformular: www.pickelball-vorarlberg.at\/kontakt Vertretungsberechtigte Personen Oliver Baltzer und Andreas Mathis Audiovisuelle Mediendienste Sitzland: \u00d6sterreich Zust\u00e4ndige Regulierungs-, bzw. Aufsichtsbeh\u00f6rde: Kommunikationsbeh\u00f6rde Austria (KommAustria), www.rtr.at Angaben zum Unternehmen Verein Pickleball Vorarlberg Gef\u00fchrt bei:\u00a0Bezirkshauptmannschaft Feldkirch Nummer:\u00a01508016042 Gestaltung und Programmierung Weber, Mathis und Freunde, Dornbirn Haftungsausschluss Der Autor bzw. Betreiber dieser [&hellip;]<\/p>\n","protected":false},"author":3,"featured_media":0,"parent":0,"menu_order":0,"comment_status":"closed","ping_status":"closed","template":"","meta":{"footnotes":""},"folder":[],"class_list":["post-1550","page","type-page","status-publish","hentry"],"yoast_head":"<!-- This site is optimized with the Yoast SEO plugin v27.4 - https:\/\/yoast.com\/product\/yoast-seo-wordpress\/ -->\n<title>Impressum - Pickleball Vorarlberg<\/title>\n<meta name=\"robots\" content=\"index, follow, max-snippet:-1, max-image-preview:large, max-video-preview:-1\" \/>\n<link rel=\"canonical\" href=\"https:\/\/pickleball-vorarlberg.at\/index.php\/impressum\/\" \/>\n<meta property=\"og:locale\" content=\"de_DE\" \/>\n<meta property=\"og:type\" content=\"article\" \/>\n<meta property=\"og:title\" content=\"Impressum - Pickleball Vorarlberg\" \/>\n<meta property=\"og:description\" content=\"Impressum Dienstanbieter Verein Pickleball VorarlbergWaldgasse 176800 Feldkirch, \u00d6sterreich Kontaktm\u00f6glichkeiten E-Mail:\u00a0info@pickelball-vorarlberg.at Kontaktformular: www.pickelball-vorarlberg.at\/kontakt Vertretungsberechtigte Personen Oliver Baltzer und Andreas Mathis Audiovisuelle Mediendienste Sitzland: \u00d6sterreich Zust\u00e4ndige Regulierungs-, bzw. Aufsichtsbeh\u00f6rde: Kommunikationsbeh\u00f6rde Austria (KommAustria), www.rtr.at Angaben zum Unternehmen Verein Pickleball Vorarlberg Gef\u00fchrt bei:\u00a0Bezirkshauptmannschaft Feldkirch Nummer:\u00a01508016042 Gestaltung und Programmierung Weber, Mathis und Freunde, Dornbirn Haftungsausschluss Der Autor bzw. Betreiber dieser [&hellip;]\" \/>\n<meta property=\"og:url\" content=\"https:\/\/pickleball-vorarlberg.at\/index.php\/impressum\/\" \/>\n<meta property=\"og:site_name\" content=\"Pickleball Vorarlberg\" \/>\n<meta property=\"article:modified_time\" content=\"2024-03-04T16:14:25+00:00\" \/>\n<meta name=\"twitter:card\" content=\"summary_large_image\" \/>\n<meta name=\"twitter:label1\" content=\"Gesch\u00e4tzte Lesezeit\" \/>\n\t<meta name=\"twitter:data1\" content=\"2\u00a0Minuten\" \/>\n<script type=\"application\/ld+json\" class=\"yoast-schema-graph\">{\"@context\":\"https:\\\/\\\/schema.org\",\"@graph\":[{\"@type\":\"WebPage\",\"@id\":\"https:\\\/\\\/pickleball-vorarlberg.at\\\/index.php\\\/impressum\\\/\",\"url\":\"https:\\\/\\\/pickleball-vorarlberg.at\\\/index.php\\\/impressum\\\/\",\"name\":\"Impressum - Pickleball Vorarlberg\",\"isPartOf\":{\"@id\":\"https:\\\/\\\/pickleball-vorarlberg.at\\\/#website\"},\"datePublished\":\"2024-03-04T09:47:26+00:00\",\"dateModified\":\"2024-03-04T16:14:25+00:00\",\"breadcrumb\":{\"@id\":\"https:\\\/\\\/pickleball-vorarlberg.at\\\/index.php\\\/impressum\\\/#breadcrumb\"},\"inLanguage\":\"de\",\"potentialAction\":[{\"@type\":\"ReadAction\",\"target\":[\"https:\\\/\\\/pickleball-vorarlberg.at\\\/index.php\\\/impressum\\\/\"]}]},{\"@type\":\"BreadcrumbList\",\"@id\":\"https:\\\/\\\/pickleball-vorarlberg.at\\\/index.php\\\/impressum\\\/#breadcrumb\",\"itemListElement\":[{\"@type\":\"ListItem\",\"position\":1,\"name\":\"Startseite\",\"item\":\"https:\\\/\\\/pickleball-vorarlberg.at\\\/\"},{\"@type\":\"ListItem\",\"position\":2,\"name\":\"Impressum\"}]},{\"@type\":\"WebSite\",\"@id\":\"https:\\\/\\\/pickleball-vorarlberg.at\\\/#website\",\"url\":\"https:\\\/\\\/pickleball-vorarlberg.at\\\/\",\"name\":\"Pickleball Vorarlberg\",\"description\":\"Der erste Pickleball-Verein in Vorarlberg\",\"publisher\":{\"@id\":\"https:\\\/\\\/pickleball-vorarlberg.at\\\/#organization\"},\"potentialAction\":[{\"@type\":\"SearchAction\",\"target\":{\"@type\":\"EntryPoint\",\"urlTemplate\":\"https:\\\/\\\/pickleball-vorarlberg.at\\\/?s={search_term_string}\"},\"query-input\":{\"@type\":\"PropertyValueSpecification\",\"valueRequired\":true,\"valueName\":\"search_term_string\"}}],\"inLanguage\":\"de\"},{\"@type\":\"Organization\",\"@id\":\"https:\\\/\\\/pickleball-vorarlberg.at\\\/#organization\",\"name\":\"Pickleball Vorarlberg\",\"url\":\"https:\\\/\\\/pickleball-vorarlberg.at\\\/\",\"logo\":{\"@type\":\"ImageObject\",\"inLanguage\":\"de\",\"@id\":\"https:\\\/\\\/pickleball-vorarlberg.at\\\/#\\\/schema\\\/logo\\\/image\\\/\",\"url\":\"https:\\\/\\\/pickleball-vorarlberg.at\\\/wp-content\\\/uploads\\\/2022\\\/07\\\/Pickleball_Vorarlberg_Logo.svg\",\"contentUrl\":\"https:\\\/\\\/pickleball-vorarlberg.at\\\/wp-content\\\/uploads\\\/2022\\\/07\\\/Pickleball_Vorarlberg_Logo.svg\",\"caption\":\"Pickleball Vorarlberg\"},\"image\":{\"@id\":\"https:\\\/\\\/pickleball-vorarlberg.at\\\/#\\\/schema\\\/logo\\\/image\\\/\"}}]}<\/script>\n<!-- \/ Yoast SEO plugin. -->","yoast_head_json":{"title":"Impressum - Pickleball Vorarlberg","robots":{"index":"index","follow":"follow","max-snippet":"max-snippet:-1","max-image-preview":"max-image-preview:large","max-video-preview":"max-video-preview:-1"},"canonical":"https:\/\/pickleball-vorarlberg.at\/index.php\/impressum\/","og_locale":"de_DE","og_type":"article","og_title":"Impressum - Pickleball Vorarlberg","og_description":"Impressum Dienstanbieter Verein Pickleball VorarlbergWaldgasse 176800 Feldkirch, \u00d6sterreich Kontaktm\u00f6glichkeiten E-Mail:\u00a0info@pickelball-vorarlberg.at Kontaktformular: www.pickelball-vorarlberg.at\/kontakt Vertretungsberechtigte Personen Oliver Baltzer und Andreas Mathis Audiovisuelle Mediendienste Sitzland: \u00d6sterreich Zust\u00e4ndige Regulierungs-, bzw. Aufsichtsbeh\u00f6rde: Kommunikationsbeh\u00f6rde Austria (KommAustria), www.rtr.at Angaben zum Unternehmen Verein Pickleball Vorarlberg Gef\u00fchrt bei:\u00a0Bezirkshauptmannschaft Feldkirch Nummer:\u00a01508016042 Gestaltung und Programmierung Weber, Mathis und Freunde, Dornbirn Haftungsausschluss Der Autor bzw. Betreiber dieser [&hellip;]","og_url":"https:\/\/pickleball-vorarlberg.at\/index.php\/impressum\/","og_site_name":"Pickleball Vorarlberg","article_modified_time":"2024-03-04T16:14:25+00:00","twitter_card":"summary_large_image","twitter_misc":{"Gesch\u00e4tzte Lesezeit":"2\u00a0Minuten"},"schema":{"@context":"https:\/\/schema.org","@graph":[{"@type":"WebPage","@id":"https:\/\/pickleball-vorarlberg.at\/index.php\/impressum\/","url":"https:\/\/pickleball-vorarlberg.at\/index.php\/impressum\/","name":"Impressum - Pickleball Vorarlberg","isPartOf":{"@id":"https:\/\/pickleball-vorarlberg.at\/#website"},"datePublished":"2024-03-04T09:47:26+00:00","dateModified":"2024-03-04T16:14:25+00:00","breadcrumb":{"@id":"https:\/\/pickleball-vorarlberg.at\/index.php\/impressum\/#breadcrumb"},"inLanguage":"de","potentialAction":[{"@type":"ReadAction","target":["https:\/\/pickleball-vorarlberg.at\/index.php\/impressum\/"]}]},{"@type":"BreadcrumbList","@id":"https:\/\/pickleball-vorarlberg.at\/index.php\/impressum\/#breadcrumb","itemListElement":[{"@type":"ListItem","position":1,"name":"Startseite","item":"https:\/\/pickleball-vorarlberg.at\/"},{"@type":"ListItem","position":2,"name":"Impressum"}]},{"@type":"WebSite","@id":"https:\/\/pickleball-vorarlberg.at\/#website","url":"https:\/\/pickleball-vorarlberg.at\/","name":"Pickleball Vorarlberg","description":"Der erste Pickleball-Verein in Vorarlberg","publisher":{"@id":"https:\/\/pickleball-vorarlberg.at\/#organization"},"potentialAction":[{"@type":"SearchAction","target":{"@type":"EntryPoint","urlTemplate":"https:\/\/pickleball-vorarlberg.at\/?s={search_term_string}"},"query-input":{"@type":"PropertyValueSpecification","valueRequired":true,"valueName":"search_term_string"}}],"inLanguage":"de"},{"@type":"Organization","@id":"https:\/\/pickleball-vorarlberg.at\/#organization","name":"Pickleball Vorarlberg","url":"https:\/\/pickleball-vorarlberg.at\/","logo":{"@type":"ImageObject","inLanguage":"de","@id":"https:\/\/pickleball-vorarlberg.at\/#\/schema\/logo\/image\/","url":"https:\/\/pickleball-vorarlberg.at\/wp-content\/uploads\/2022\/07\/Pickleball_Vorarlberg_Logo.svg","contentUrl":"https:\/\/pickleball-vorarlberg.at\/wp-content\/uploads\/2022\/07\/Pickleball_Vorarlberg_Logo.svg","caption":"Pickleball Vorarlberg"},"image":{"@id":"https:\/\/pickleball-vorarlberg.at\/#\/schema\/logo\/image\/"}}]}},"_links":{"self":[{"href":"https:\/\/pickleball-vorarlberg.at\/index.php\/wp-json\/wp\/v2\/pages\/1550","targetHints":{"allow":["GET"]}}],"collection":[{"href":"https:\/\/pickleball-vorarlberg.at\/index.php\/wp-json\/wp\/v2\/pages"}],"about":[{"href":"https:\/\/pickleball-vorarlberg.at\/index.php\/wp-json\/wp\/v2\/types\/page"}],"author":[{"embeddable":true,"href":"https:\/\/pickleball-vorarlberg.at\/index.php\/wp-json\/wp\/v2\/users\/3"}],"replies":[{"embeddable":true,"href":"https:\/\/pickleball-vorarlberg.at\/index.php\/wp-json\/wp\/v2\/comments?post=1550"}],"version-history":[{"count":0,"href":"https:\/\/pickleball-vorarlberg.at\/index.php\/wp-json\/wp\/v2\/pages\/1550\/revisions"}],"wp:attachment":[{"href":"https:\/\/pickleball-vorarlberg.at\/index.php\/wp-json\/wp\/v2\/media?parent=1550"}],"wp:term":[{"taxonomy":"folder","embeddable":true,"href":"https:\/\/pickleball-vorarlberg.at\/index.php\/wp-json\/wp\/v2\/folder?post=1550"}],"curies":[{"name":"wp","href":"https:\/\/api.w.org\/{rel}","templated":true}]}}