{"id":1548,"date":"2024-03-04T09:47:07","date_gmt":"2024-03-04T09:47:07","guid":{"rendered":"https:\/\/pickleball-vorarlberg.at\/?page_id=1548"},"modified":"2024-03-04T15:02:22","modified_gmt":"2024-03-04T15:02:22","slug":"datenschutz","status":"publish","type":"page","link":"https:\/\/pickleball-vorarlberg.at\/index.php\/datenschutz\/","title":{"rendered":"Datenschutz"},"content":{"rendered":"\t\t<div data-elementor-type=\"wp-page\" data-elementor-id=\"1548\" class=\"elementor elementor-1548\" data-elementor-post-type=\"page\">\n\t\t\t\t<div class=\"elementor-element elementor-element-28d4a38 e-con-full e-flex e-con e-parent\" data-id=\"28d4a38\" data-element_type=\"container\" data-e-type=\"container\" data-settings=\"{&quot;background_background&quot;:&quot;classic&quot;,&quot;background_motion_fx_motion_fx_scrolling&quot;:&quot;yes&quot;,&quot;background_motion_fx_translateX_effect&quot;:&quot;yes&quot;,&quot;background_motion_fx_translateY_effect&quot;:&quot;yes&quot;,&quot;background_motion_fx_translateY_direction&quot;:&quot;negative&quot;,&quot;background_motion_fx_translateX_speed&quot;:{&quot;unit&quot;:&quot;px&quot;,&quot;size&quot;:4.2,&quot;sizes&quot;:[]},&quot;background_motion_fx_range&quot;:&quot;page&quot;,&quot;background_motion_fx_translateY_speed&quot;:{&quot;unit&quot;:&quot;px&quot;,&quot;size&quot;:4.2,&quot;sizes&quot;:[]},&quot;background_motion_fx_translateY_affectedRange&quot;:{&quot;unit&quot;:&quot;%&quot;,&quot;size&quot;:&quot;&quot;,&quot;sizes&quot;:{&quot;start&quot;:0,&quot;end&quot;:100}},&quot;background_motion_fx_translateX_affectedRange&quot;:{&quot;unit&quot;:&quot;%&quot;,&quot;size&quot;:&quot;&quot;,&quot;sizes&quot;:{&quot;start&quot;:0,&quot;end&quot;:100}},&quot;background_motion_fx_devices&quot;:[&quot;desktop&quot;,&quot;tablet&quot;,&quot;mobile&quot;]}\">\n\t\t\t\t<div class=\"elementor-element elementor-element-d5c30f3 elementor-widget elementor-widget-spacer\" data-id=\"d5c30f3\" data-element_type=\"widget\" data-e-type=\"widget\" data-widget_type=\"spacer.default\">\n\t\t\t\t<div class=\"elementor-widget-container\">\n\t\t\t\t\t\t\t<div class=\"elementor-spacer\">\n\t\t\t<div class=\"elementor-spacer-inner\"><\/div>\n\t\t<\/div>\n\t\t\t\t\t\t<\/div>\n\t\t\t\t<\/div>\n\t\t<div class=\"elementor-element elementor-element-56e11f5 e-con-full module-padding-universal e-flex e-con e-child\" data-id=\"56e11f5\" data-element_type=\"container\" data-e-type=\"container\" data-settings=\"{&quot;background_background&quot;:&quot;classic&quot;}\">\n\t\t<div class=\"elementor-element elementor-element-f5be90e e-con-full e-flex e-con e-child\" data-id=\"f5be90e\" data-element_type=\"container\" data-e-type=\"container\">\n\t\t\t\t<div class=\"elementor-element elementor-element-9c034a7 medium elementor-widget elementor-widget-heading\" data-id=\"9c034a7\" data-element_type=\"widget\" data-e-type=\"widget\" data-widget_type=\"heading.default\">\n\t\t\t\t<div class=\"elementor-widget-container\">\n\t\t\t\t\t<h2 class=\"elementor-heading-title elementor-size-default\">Datenschutz<\/h2>\t\t\t\t<\/div>\n\t\t\t\t<\/div>\n\t\t\t\t<div class=\"elementor-element elementor-element-1f0188e elementor-widget elementor-widget-text-editor\" data-id=\"1f0188e\" data-element_type=\"widget\" data-e-type=\"widget\" data-widget_type=\"text-editor.default\">\n\t\t\t\t<div class=\"elementor-widget-container\">\n\t\t\t\t\t\t\t\t\t<p><strong><span class=\"theming-theme-dark\">Verantwortlicher f\u00fcr die Datenverarbeitung<\/span><\/strong><\/p><p>Verein Pickleball Vorarlberg<br \/>Waldgasse 17<br \/>6800 Feldkirch, \u00d6sterreich<\/p><p>Andreas Mathis<br \/>Oliver Baltzer<\/p><p>E-Mail:\u00a0<a href=\"mailto:info@pickelball-vorarlberg.at\">info@pickelball-vorarlberg.at<\/a><\/p><p>Impressum: <a href=\"https:\/\/staging.wmuf.at\/pickleball\/index.php\/impressum\/\">www.pickelball-vorarlberg.at\/impressum<\/a><\/p><p><strong><br \/>Umfang der Datenverarbeitung<\/strong><\/p><p>Wir erheben und verwenden personenbezogene Daten unserer Nutzer grunds\u00e4tzlich nur, soweit dies zur Bereitstellung einer funktionsf\u00e4higen Website sowie unserer Inhalte und Leistungen erforderlich ist.<\/p><p><strong><br \/>Rechtsgrundlage f\u00fcr die Verarbeitung personenbezogener Daten<\/strong><\/p><p>Soweit wir f\u00fcr Verarbeitungsvorg\u00e4nge personenbezogener Daten eine Einwilligung von Ihnen einholen, dient Art\u00a06 Abs\u00a01\u00a0lit\u00a0a als Rechtsgrundlage. Bei der Verarbeitung von Daten, die zur Erf\u00fcllung eines Vertrages mit Ihnen oder zur Vertragsanbahnung (vorvertragliche Ma\u00dfnahmen) erforderlich ist, dient Art\u00a06 Abs\u00a01\u00a0lit\u00a0b als Rechtsgrundlage. Soweit eine Verarbeitung Daten zur Erf\u00fcllung einer rechtlichen Verpflichtung erforderlich ist, der wir unterliegen unterliegt, dient Art\u00a06 Abs\u00a01\u00a0lit\u00a0c als Rechtsgrundlage. Ist die Verarbeitung zur Wahrung in unserem berechtigten Interesse oder eines Dritten erforderlich und \u00fcberwiegen Ihre Interessen und Grundrechte das erstgenannte Interesse nicht, so dient Art\u00a06 Abs\u00a01\u00a0lit\u00a0f als Rechtsgrundlage.<\/p><p><strong><br \/>Datenl\u00f6schung und Speicherdauer<\/strong><\/p><p>Ihre Daten werden gel\u00f6scht oder gesperrt, sobald der Zweck der Speicherung entf\u00e4llt. Eine Speicherung kann dar\u00fcber hinaus erfolgen, wenn dies durch europ\u00e4ische oder nationale Verordnungen, Gesetzen oder sonstige Vorschriften, denen wir unterliegen, vorgesehen wurde. Eine Sperrung oder L\u00f6schung der Daten erfolgt auch dann, wenn eine durch die genannten Normen vorgeschriebene Speicherfrist abl\u00e4uft, es sei denn, dass eine Erforderlichkeit zur weiteren Speicherung der Daten f\u00fcr einen Vertragsabschluss oder eine Vertragserf\u00fcllung besteht.<\/p><p>Unsere Webseite verwendet Cookies. Bei Cookies handelt es sich um Textdateien, die im Internetbrowser bzw. vom Internetbrowser auf dem Computersystem des Nutzers gespeichert werden. Ruft ein Nutzer eine Website auf, so kann ein Cookie auf dem Betriebssystem des Nutzers gespeichert werden. Dieses Cookie enth\u00e4lt eine charakteristische Zeichenfolge, die eine eindeutige Identifizierung des Browsers beim erneuten Aufrufen der Website erm\u00f6glicht.<\/p><p><strong><br \/>Technisch notwendige Cookies:<\/strong><\/p><p>Wir setzen Cookies ein, um unsere Website nutzerfreundlicher zu gestalten. Einige Elemente unserer Internetseite erfordern es, dass der aufrufende Browser auch nach einem Seitenwechsel identifiziert werden kann.\u00a0In den Cookies werden dabei folgende Daten gespeichert und \u00fcbermittelt:<\/p><ul><li>Spracheinstellungen<\/li><li>Log-In-Informationen<\/li><\/ul><p><strong><br \/>Nicht technisch notwendige Cookies:<\/strong><\/p><p>Wir verwenden auf unserer Website Cookies, die eine Analyse des Surfverhaltens der Nutzer erm\u00f6glichen. Folgende Daten k\u00f6nnen \u00fcbermittelt werden:<\/p><ul><li>Eingegebene Suchbegriffe<\/li><li>H\u00e4ufigkeit von Seitenaufrufen<\/li><\/ul><p><strong><br \/>Inanspruchnahme von Website-Funktionen<\/strong><\/p><p>Die auf diese Weise erhobenen Daten der Nutzer werden pseudonymisiert. Daher ist eine Zuordnung der Daten zum aufrufenden Nutzer nicht mehr m\u00f6glich. Die Daten werden nicht gemeinsam mit sonstigen personenbezogenen Daten der Nutzer gespeichert. Beim Aufruf unserer Website werden die Nutzer durch einen Infobanner \u00fcber die Verwendung von Cookies zu Analysezwecken informiert und auf diese Datenschutzerkl\u00e4rung verwiesen. Es erfolgt in diesem Zusammenhang auch ein Hinweis darauf, wie die Speicherung von Cookies in den Browsereinstellungen unterbunden werden kann.<\/p><p>Folgende Cookies werden eingesetzt und stehen in Zusammenhang mit Google Analytics:<\/p><ul><li>_gat (Laufzeit 60 Sekunden)<\/li><li>_gid (Laufzeit 24 Stunden)<\/li><li>_ga (Laufzeit 2 Jahre)<\/li><\/ul><p><strong><br \/>Rechtsgrundlage der Datenverarbeitung<\/strong><\/p><p>Die Rechtsgrundlage f\u00fcr die Verarbeitung Ihrer Daten unter Verwendung technisch notwendiger Cookies ist Art\u00a06 Abs\u00a01\u00a0lit\u00a0f. F\u00fcr Cookies zu Analysezwecken ist die Rechtsgrundlage bei Vorliegen Ihrer diesbez\u00fcglichen Einwilligung Art\u00a06 Abs\u00a01\u00a0lit\u00a0a.<\/p><p><strong><br \/>Zweck der Datenverarbeitung<\/strong><\/p><p>Der Zweck der Verwendung technisch notwendiger Cookies ist, die Nutzung von Websites f\u00fcr die Nutzer zu vereinfachen. Einige Funktionen unserer Internetseite k\u00f6nnen ohne den Einsatz von Cookies nicht angeboten werden. F\u00fcr diese ist es erforderlich, dass der Browser auch nach einem Seitenwechsel wiedererkannt wird.<\/p><p>F\u00fcr folgende Anwendungen und Dienste ben\u00f6tigen wir Cookies:<\/p><ul><li>\u00dcbernahme von Spracheinstellungen<\/li><li>Merken von Suchbegriffen<\/li><\/ul><p><br \/>Die durch technisch notwendige Cookies erhobenen Nutzerdaten werden nicht zur Erstellung von Nutzerprofilen verwendet.<\/p><p>Die Verwendung der (nicht technisch notwendigen) Analyse-Cookies erfolgt zu dem Zweck, die Qualit\u00e4t unserer Website und ihre Inhalte zu verbessern. Durch die Analyse-Cookies erfahren wir, wie die Website genutzt wird und k\u00f6nnen so unser Angebot stetig optimieren.\u00a0In diesen Zwecken liegt auch unser berechtigtes Interesse in der Verarbeitung Ihrer Daten nach Art\u00a06 Abs\u00a01\u00a0lit\u00a0f.<\/p><p><strong><br \/>Dauer der Speicherung, Widerspruchs- und Beseitigungsm\u00f6glichkeit<\/strong><\/p><p>Cookies werden auf dem Rechner des Nutzers gespeichert und von diesem an unserer Seite \u00fcbermittelt. Daher haben Sie als Nutzer auch die volle Kontrolle \u00fcber die Verwendung von Cookies. Durch eine \u00c4nderung der Einstellungen in Ihrem Internetbrowser k\u00f6nnen Sie die \u00dcbertragung von Cookies deaktivieren oder einschr\u00e4nken. Bereits gespeicherte Cookies k\u00f6nnen jederzeit gel\u00f6scht werden. Dies kann auch automatisiert erfolgen. Es gibt mehrere M\u00f6glichkeiten Cookies zu verwalten. Der Hilfe-Button bei den Toolbars der meisten Browser zeigt Ihnen, wie Sie das Akzeptieren von Cookies stoppen k\u00f6nnen, wie Sie benachrichtigt werden k\u00f6nnen, wenn ein neues Cookie gesetzt wird und wie Sie Cookies blockieren k\u00f6nnen. Wenn Sie Cookies blockieren, kann es sein, dass es Ihnen nicht m\u00f6glich sein wird sich zu registrieren, sich einzuloggen oder die Dienste vollumf\u00e4nglich n\u00fctzen zu k\u00f6nnen.<\/p><p>Werden personenbezogene Daten von Ihnen verarbeitet, sind Sie Betroffener iSd DSGVO und es stehen Ihnen folgende Rechte gegen\u00fcber uns als Verantwortlichen zu:<\/p><p><strong><br \/>Auskunftsrecht<\/strong><\/p><p>Sie k\u00f6nnen von uns eine Best\u00e4tigung dar\u00fcber verlangen, ob personenbezogene Daten, die Sie betreffen, von uns verarbeitet werden.\u00a0Liegt eine solche Verarbeitung vor, k\u00f6nnen Sie von uns \u00fcber folgende Informationen Auskunft verlangen:\u00a0Die Zwecke und Kategorien von personenbezogenen Daten, die verarbeitet werden, einschlie\u00dflich den Empf\u00e4ngern bzw. Empf\u00e4ngerkategorien, gegen\u00fcber denen Ihre Daten offengelegt wurden oder noch offengelegt werden sowie die geplante Dauer der Speicherung der Sie betreffenden Daten. Sollten wir Profiling-Technologien einsetzen, haben wir Ihnen aussagekr\u00e4ftige Informationen \u00fcber die involvierte Logik sowie die Tragweite und die angestrebten Auswirkungen einer derartigen Verarbeitung f\u00fcr Sie zur Verf\u00fcgung stellen. Ferner haben wir Sie \u00fcber Ihr Beschwerderecht bei der Datenschutzbeh\u00f6rde zu informieren. Au\u00dferdem steht Ihnen das Recht zu, Auskunft dar\u00fcber zu verlangen, ob die Sie betreffenden Daten in ein Drittland oder an eine internationale Organisation \u00fcbermittelt werden.<\/p><p><strong><br \/>Recht auf Berichtigung<\/strong><\/p><p>Sie haben ein Recht auf Berichtigung und\/oder Vervollst\u00e4ndigung, sofern Ihre verarbeiteten Daten unrichtig oder unvollst\u00e4ndig sind. Sofern zutreffend, werden wir die Berichtigung unverz\u00fcglich vorzunehmen.<\/p><p><strong><br \/>Recht auf Einschr\u00e4nkung der Verarbeitung<\/strong><\/p><p>Unter den folgenden Voraussetzungen k\u00f6nnen Sie die Einschr\u00e4nkung der Verarbeitung Ihrer Daten verlangen:<\/p><ul><li>wenn Sie die Richtigkeit der Sie betreffenden Daten f\u00fcr eine Dauer bestreiten, die uns erm\u00f6glicht, die Richtigkeit Ihrer Daten zu \u00fcberpr\u00fcfen;<\/li><li>die Verarbeitung unrechtm\u00e4\u00dfig ist und Sie die L\u00f6schung Ihrer Daten ablehnen und stattdessen die Einschr\u00e4nkung der Nutzung Ihrer Daten verlangen;<\/li><li>wir Ihre Daten f\u00fcr die Zwecke der Verarbeitung nicht l\u00e4nger ben\u00f6tigen, Sie diese jedoch zur Geltendmachung, Aus\u00fcbung oder Verteidigung von Rechtsanspr\u00fcchen ben\u00f6tigen, oder<\/li><li>wenn Sie Widerspruch gegen die Verarbeitung eingelegt haben und noch nicht feststeht, ob unsere berechtigten Gr\u00fcnde gegen\u00fcber Ihren Gr\u00fcnden \u00fcberwiegen.<\/li><\/ul><p><br \/>Wurde die Verarbeitung Ihrer Daten eingeschr\u00e4nkt, d\u00fcrfen diese Daten \u2013 von ihrer Speicherung abgesehen \u2013 nur mit Ihrer Einwilligung oder zur Geltendmachung, Aus\u00fcbung oder Verteidigung von Rechtsanspr\u00fcchen oder zum Schutz der Rechte einer anderen nat\u00fcrlichen oder juristischen Person verarbeitet werden.\u00a0Wurde die Einschr\u00e4nkung der Verarbeitung nach den o.g. Voraussetzungen eingeschr\u00e4nkt, werden Sie von uns unterrichtet, bevor die Einschr\u00e4nkung aufgehoben wird.<\/p><p><strong><br \/>Recht auf L\u00f6schung<\/strong><\/p><p>Wir sind verpflichtet Ihre Daten unverz\u00fcglich zu l\u00f6schen, sofern einer der folgenden Gr\u00fcnde zutrifft:<\/p><ul><li>Ihre Daten sind f\u00fcr die Zwecke, f\u00fcr die sie von uns erhoben wurden, nicht mehr notwendig;<\/li><li>Sie widerrufen Ihre Einwilligung und es fehlt an einer anderweitigen Rechtsgrundlage f\u00fcr die Verarbeitung.<\/li><li>Sie legen Widerspruch gegen die Verarbeitung ein und es liegen keine vorrangigen berechtigten Gr\u00fcnde unsererseits f\u00fcr die Verarbeitung vor.<\/li><li>Ihre Daten wurden unrechtm\u00e4\u00dfig verarbeitet.<\/li><\/ul><p><br \/>Das Recht auf L\u00f6schung besteht nicht, soweit die Verarbeitung erforderlich ist<\/p><ul><li>zur Erf\u00fcllung einer rechtlichen Verpflichtung, die die Verarbeitung erfordert (zB gegen\u00fcber Beh\u00f6rden und \u00c4mtern), oder zur Wahrnehmung einer Aufgabe, die im \u00f6ffentlichen Interesse liegt, die uns \u00fcbertragen wurde;<\/li><li>zur Geltendmachung, Aus\u00fcbung oder Verteidigung von Rechtsanspr\u00fcchen.<\/li><\/ul><p><strong><br \/>Widerspruchsrecht<\/strong><\/p><p>Sie haben das Recht, aus Gr\u00fcnden, die sich aus Ihrer besonderen Situation ergeben, jederzeit gegen die Verarbeitung Ihrer Daten Widerspruch einzulegen; dies gilt auch f\u00fcr ein auf diese Bestimmungen gest\u00fctztes Profiling.\u00a0Wir verarbeiten diesfalls Ihre Daten nicht mehr, es sei denn, wir haben zwingende schutzw\u00fcrdige Gr\u00fcnde f\u00fcr die Verarbeitung, die Ihre Interessen, Rechte und Freiheiten \u00fcberwiegen, oder die Verarbeitung dient der Geltendmachung, Aus\u00fcbung oder Verteidigung von Rechtsanspr\u00fcchen.\u00a0Werden Ihre Daten verarbeitet, um Direktwerbung zu betreiben, haben Sie das Recht, jederzeit Widerspruch gegen die Verarbeitung der Sie betreffenden Daten zum Zwecke derartiger Werbung einzulegen; dies gilt auch f\u00fcr das Profiling, soweit es mit solcher Direktwerbung in Verbindung steht.\u00a0Widersprechen Sie der Verarbeitung f\u00fcr Zwecke der Direktwerbung, so werden die Sie betreffenden Daten nicht mehr f\u00fcr diese Zwecke verarbeitet.<\/p><p><strong><br \/>Recht auf Beschwerde bei einer Aufsichtsbeh\u00f6rde<\/strong><\/p><p>Unbeschadet eines anderweitigen gerichtlichen Rechtsbehelfs steht Ihnen das Recht auf Beschwerde bei der Aufsichtsbeh\u00f6rde zu, wenn Sie der Ansicht sind, dass die Verarbeitung Ihrer Daten gegen die DSGVO verst\u00f6\u00dft. Aufsichtsbeh\u00f6rde im Sinne der DSGVO ist die Datenschutzbeh\u00f6rde, Wickenburggasse 8, 1080 Wien, Tel. +43 1 52 152-0, E-Mail: <a href=\"mailto:dsb@dsb.gv.at\">dsb@dsb.gv.at<\/a>.\u00a0Die Datenschutzbeh\u00f6rde unterrichtet Sie \u00fcber den Stand und die Ergebnisse der Beschwerde einschlie\u00dflich der M\u00f6glichkeit eines gerichtlichen Rechtsbehelfs.<\/p>\t\t\t\t\t\t\t\t<\/div>\n\t\t\t\t<\/div>\n\t\t\t\t<\/div>\n\t\t\t\t<\/div>\n\t\t\t\t<\/div>\n\t\t\t\t<\/div>\n\t\t","protected":false},"excerpt":{"rendered":"<p>Datenschutz Verantwortlicher f\u00fcr die Datenverarbeitung Verein Pickleball VorarlbergWaldgasse 176800 Feldkirch, \u00d6sterreich Andreas MathisOliver Baltzer E-Mail:\u00a0info@pickelball-vorarlberg.at Impressum: www.pickelball-vorarlberg.at\/impressum Umfang der Datenverarbeitung Wir erheben und verwenden personenbezogene Daten unserer Nutzer grunds\u00e4tzlich nur, soweit dies zur Bereitstellung einer funktionsf\u00e4higen Website sowie unserer Inhalte und Leistungen erforderlich ist. Rechtsgrundlage f\u00fcr die Verarbeitung personenbezogener Daten Soweit wir f\u00fcr Verarbeitungsvorg\u00e4nge personenbezogener [&hellip;]<\/p>\n","protected":false},"author":3,"featured_media":0,"parent":0,"menu_order":0,"comment_status":"closed","ping_status":"closed","template":"","meta":{"footnotes":""},"folder":[],"class_list":["post-1548","page","type-page","status-publish","hentry"],"yoast_head":"<!-- This site is optimized with the Yoast SEO plugin v27.4 - https:\/\/yoast.com\/product\/yoast-seo-wordpress\/ -->\n<title>Datenschutz - Pickleball Vorarlberg<\/title>\n<meta name=\"robots\" content=\"index, follow, max-snippet:-1, max-image-preview:large, max-video-preview:-1\" \/>\n<link rel=\"canonical\" href=\"https:\/\/pickleball-vorarlberg.at\/index.php\/datenschutz\/\" \/>\n<meta property=\"og:locale\" content=\"de_DE\" \/>\n<meta property=\"og:type\" content=\"article\" \/>\n<meta property=\"og:title\" content=\"Datenschutz - Pickleball Vorarlberg\" \/>\n<meta property=\"og:description\" content=\"Datenschutz Verantwortlicher f\u00fcr die Datenverarbeitung Verein Pickleball VorarlbergWaldgasse 176800 Feldkirch, \u00d6sterreich Andreas MathisOliver Baltzer E-Mail:\u00a0info@pickelball-vorarlberg.at Impressum: www.pickelball-vorarlberg.at\/impressum Umfang der Datenverarbeitung Wir erheben und verwenden personenbezogene Daten unserer Nutzer grunds\u00e4tzlich nur, soweit dies zur Bereitstellung einer funktionsf\u00e4higen Website sowie unserer Inhalte und Leistungen erforderlich ist. Rechtsgrundlage f\u00fcr die Verarbeitung personenbezogener Daten Soweit wir f\u00fcr Verarbeitungsvorg\u00e4nge personenbezogener [&hellip;]\" \/>\n<meta property=\"og:url\" content=\"https:\/\/pickleball-vorarlberg.at\/index.php\/datenschutz\/\" \/>\n<meta property=\"og:site_name\" content=\"Pickleball Vorarlberg\" \/>\n<meta property=\"article:modified_time\" content=\"2024-03-04T15:02:22+00:00\" \/>\n<meta name=\"twitter:card\" content=\"summary_large_image\" \/>\n<meta name=\"twitter:label1\" content=\"Gesch\u00e4tzte Lesezeit\" \/>\n\t<meta name=\"twitter:data1\" content=\"8\u00a0Minuten\" \/>\n<script type=\"application\/ld+json\" class=\"yoast-schema-graph\">{\"@context\":\"https:\\\/\\\/schema.org\",\"@graph\":[{\"@type\":\"WebPage\",\"@id\":\"https:\\\/\\\/pickleball-vorarlberg.at\\\/index.php\\\/datenschutz\\\/\",\"url\":\"https:\\\/\\\/pickleball-vorarlberg.at\\\/index.php\\\/datenschutz\\\/\",\"name\":\"Datenschutz - Pickleball Vorarlberg\",\"isPartOf\":{\"@id\":\"https:\\\/\\\/pickleball-vorarlberg.at\\\/#website\"},\"datePublished\":\"2024-03-04T09:47:07+00:00\",\"dateModified\":\"2024-03-04T15:02:22+00:00\",\"breadcrumb\":{\"@id\":\"https:\\\/\\\/pickleball-vorarlberg.at\\\/index.php\\\/datenschutz\\\/#breadcrumb\"},\"inLanguage\":\"de\",\"potentialAction\":[{\"@type\":\"ReadAction\",\"target\":[\"https:\\\/\\\/pickleball-vorarlberg.at\\\/index.php\\\/datenschutz\\\/\"]}]},{\"@type\":\"BreadcrumbList\",\"@id\":\"https:\\\/\\\/pickleball-vorarlberg.at\\\/index.php\\\/datenschutz\\\/#breadcrumb\",\"itemListElement\":[{\"@type\":\"ListItem\",\"position\":1,\"name\":\"Startseite\",\"item\":\"https:\\\/\\\/pickleball-vorarlberg.at\\\/\"},{\"@type\":\"ListItem\",\"position\":2,\"name\":\"Datenschutz\"}]},{\"@type\":\"WebSite\",\"@id\":\"https:\\\/\\\/pickleball-vorarlberg.at\\\/#website\",\"url\":\"https:\\\/\\\/pickleball-vorarlberg.at\\\/\",\"name\":\"Pickleball Vorarlberg\",\"description\":\"Der erste Pickleball-Verein in Vorarlberg\",\"publisher\":{\"@id\":\"https:\\\/\\\/pickleball-vorarlberg.at\\\/#organization\"},\"potentialAction\":[{\"@type\":\"SearchAction\",\"target\":{\"@type\":\"EntryPoint\",\"urlTemplate\":\"https:\\\/\\\/pickleball-vorarlberg.at\\\/?s={search_term_string}\"},\"query-input\":{\"@type\":\"PropertyValueSpecification\",\"valueRequired\":true,\"valueName\":\"search_term_string\"}}],\"inLanguage\":\"de\"},{\"@type\":\"Organization\",\"@id\":\"https:\\\/\\\/pickleball-vorarlberg.at\\\/#organization\",\"name\":\"Pickleball Vorarlberg\",\"url\":\"https:\\\/\\\/pickleball-vorarlberg.at\\\/\",\"logo\":{\"@type\":\"ImageObject\",\"inLanguage\":\"de\",\"@id\":\"https:\\\/\\\/pickleball-vorarlberg.at\\\/#\\\/schema\\\/logo\\\/image\\\/\",\"url\":\"https:\\\/\\\/pickleball-vorarlberg.at\\\/wp-content\\\/uploads\\\/2022\\\/07\\\/Pickleball_Vorarlberg_Logo.svg\",\"contentUrl\":\"https:\\\/\\\/pickleball-vorarlberg.at\\\/wp-content\\\/uploads\\\/2022\\\/07\\\/Pickleball_Vorarlberg_Logo.svg\",\"caption\":\"Pickleball Vorarlberg\"},\"image\":{\"@id\":\"https:\\\/\\\/pickleball-vorarlberg.at\\\/#\\\/schema\\\/logo\\\/image\\\/\"}}]}<\/script>\n<!-- \/ Yoast SEO plugin. -->","yoast_head_json":{"title":"Datenschutz - Pickleball Vorarlberg","robots":{"index":"index","follow":"follow","max-snippet":"max-snippet:-1","max-image-preview":"max-image-preview:large","max-video-preview":"max-video-preview:-1"},"canonical":"https:\/\/pickleball-vorarlberg.at\/index.php\/datenschutz\/","og_locale":"de_DE","og_type":"article","og_title":"Datenschutz - Pickleball Vorarlberg","og_description":"Datenschutz Verantwortlicher f\u00fcr die Datenverarbeitung Verein Pickleball VorarlbergWaldgasse 176800 Feldkirch, \u00d6sterreich Andreas MathisOliver Baltzer E-Mail:\u00a0info@pickelball-vorarlberg.at Impressum: www.pickelball-vorarlberg.at\/impressum Umfang der Datenverarbeitung Wir erheben und verwenden personenbezogene Daten unserer Nutzer grunds\u00e4tzlich nur, soweit dies zur Bereitstellung einer funktionsf\u00e4higen Website sowie unserer Inhalte und Leistungen erforderlich ist. Rechtsgrundlage f\u00fcr die Verarbeitung personenbezogener Daten Soweit wir f\u00fcr Verarbeitungsvorg\u00e4nge personenbezogener [&hellip;]","og_url":"https:\/\/pickleball-vorarlberg.at\/index.php\/datenschutz\/","og_site_name":"Pickleball Vorarlberg","article_modified_time":"2024-03-04T15:02:22+00:00","twitter_card":"summary_large_image","twitter_misc":{"Gesch\u00e4tzte Lesezeit":"8\u00a0Minuten"},"schema":{"@context":"https:\/\/schema.org","@graph":[{"@type":"WebPage","@id":"https:\/\/pickleball-vorarlberg.at\/index.php\/datenschutz\/","url":"https:\/\/pickleball-vorarlberg.at\/index.php\/datenschutz\/","name":"Datenschutz - Pickleball Vorarlberg","isPartOf":{"@id":"https:\/\/pickleball-vorarlberg.at\/#website"},"datePublished":"2024-03-04T09:47:07+00:00","dateModified":"2024-03-04T15:02:22+00:00","breadcrumb":{"@id":"https:\/\/pickleball-vorarlberg.at\/index.php\/datenschutz\/#breadcrumb"},"inLanguage":"de","potentialAction":[{"@type":"ReadAction","target":["https:\/\/pickleball-vorarlberg.at\/index.php\/datenschutz\/"]}]},{"@type":"BreadcrumbList","@id":"https:\/\/pickleball-vorarlberg.at\/index.php\/datenschutz\/#breadcrumb","itemListElement":[{"@type":"ListItem","position":1,"name":"Startseite","item":"https:\/\/pickleball-vorarlberg.at\/"},{"@type":"ListItem","position":2,"name":"Datenschutz"}]},{"@type":"WebSite","@id":"https:\/\/pickleball-vorarlberg.at\/#website","url":"https:\/\/pickleball-vorarlberg.at\/","name":"Pickleball Vorarlberg","description":"Der erste Pickleball-Verein in Vorarlberg","publisher":{"@id":"https:\/\/pickleball-vorarlberg.at\/#organization"},"potentialAction":[{"@type":"SearchAction","target":{"@type":"EntryPoint","urlTemplate":"https:\/\/pickleball-vorarlberg.at\/?s={search_term_string}"},"query-input":{"@type":"PropertyValueSpecification","valueRequired":true,"valueName":"search_term_string"}}],"inLanguage":"de"},{"@type":"Organization","@id":"https:\/\/pickleball-vorarlberg.at\/#organization","name":"Pickleball Vorarlberg","url":"https:\/\/pickleball-vorarlberg.at\/","logo":{"@type":"ImageObject","inLanguage":"de","@id":"https:\/\/pickleball-vorarlberg.at\/#\/schema\/logo\/image\/","url":"https:\/\/pickleball-vorarlberg.at\/wp-content\/uploads\/2022\/07\/Pickleball_Vorarlberg_Logo.svg","contentUrl":"https:\/\/pickleball-vorarlberg.at\/wp-content\/uploads\/2022\/07\/Pickleball_Vorarlberg_Logo.svg","caption":"Pickleball Vorarlberg"},"image":{"@id":"https:\/\/pickleball-vorarlberg.at\/#\/schema\/logo\/image\/"}}]}},"_links":{"self":[{"href":"https:\/\/pickleball-vorarlberg.at\/index.php\/wp-json\/wp\/v2\/pages\/1548","targetHints":{"allow":["GET"]}}],"collection":[{"href":"https:\/\/pickleball-vorarlberg.at\/index.php\/wp-json\/wp\/v2\/pages"}],"about":[{"href":"https:\/\/pickleball-vorarlberg.at\/index.php\/wp-json\/wp\/v2\/types\/page"}],"author":[{"embeddable":true,"href":"https:\/\/pickleball-vorarlberg.at\/index.php\/wp-json\/wp\/v2\/users\/3"}],"replies":[{"embeddable":true,"href":"https:\/\/pickleball-vorarlberg.at\/index.php\/wp-json\/wp\/v2\/comments?post=1548"}],"version-history":[{"count":0,"href":"https:\/\/pickleball-vorarlberg.at\/index.php\/wp-json\/wp\/v2\/pages\/1548\/revisions"}],"wp:attachment":[{"href":"https:\/\/pickleball-vorarlberg.at\/index.php\/wp-json\/wp\/v2\/media?parent=1548"}],"wp:term":[{"taxonomy":"folder","embeddable":true,"href":"https:\/\/pickleball-vorarlberg.at\/index.php\/wp-json\/wp\/v2\/folder?post=1548"}],"curies":[{"name":"wp","href":"https:\/\/api.w.org\/{rel}","templated":true}]}}