{"id":1468,"date":"2024-02-28T07:43:34","date_gmt":"2024-02-28T07:43:34","guid":{"rendered":"https:\/\/pickleball-vorarlberg.at\/?page_id=1468"},"modified":"2024-03-04T16:13:10","modified_gmt":"2024-03-04T16:13:10","slug":"clubhaus","status":"publish","type":"page","link":"https:\/\/pickleball-vorarlberg.at\/index.php\/clubhaus\/","title":{"rendered":"Clubhaus"},"content":{"rendered":"\t\t<div data-elementor-type=\"wp-page\" data-elementor-id=\"1468\" class=\"elementor elementor-1468\" data-elementor-post-type=\"page\">\n\t\t\t\t<div class=\"elementor-element elementor-element-9c32e4c e-con-full e-flex e-con e-parent\" data-id=\"9c32e4c\" data-element_type=\"container\" data-e-type=\"container\" data-settings=\"{&quot;background_background&quot;:&quot;classic&quot;,&quot;background_motion_fx_motion_fx_scrolling&quot;:&quot;yes&quot;,&quot;background_motion_fx_translateX_effect&quot;:&quot;yes&quot;,&quot;background_motion_fx_translateY_effect&quot;:&quot;yes&quot;,&quot;background_motion_fx_translateY_direction&quot;:&quot;negative&quot;,&quot;background_motion_fx_translateX_speed&quot;:{&quot;unit&quot;:&quot;px&quot;,&quot;size&quot;:4.2,&quot;sizes&quot;:[]},&quot;background_motion_fx_range&quot;:&quot;page&quot;,&quot;background_motion_fx_translateY_speed&quot;:{&quot;unit&quot;:&quot;px&quot;,&quot;size&quot;:4.2,&quot;sizes&quot;:[]},&quot;background_motion_fx_translateY_affectedRange&quot;:{&quot;unit&quot;:&quot;%&quot;,&quot;size&quot;:&quot;&quot;,&quot;sizes&quot;:{&quot;start&quot;:0,&quot;end&quot;:100}},&quot;background_motion_fx_translateX_affectedRange&quot;:{&quot;unit&quot;:&quot;%&quot;,&quot;size&quot;:&quot;&quot;,&quot;sizes&quot;:{&quot;start&quot;:0,&quot;end&quot;:100}},&quot;background_motion_fx_devices&quot;:[&quot;desktop&quot;,&quot;tablet&quot;,&quot;mobile&quot;]}\">\n\t\t\t\t<div class=\"elementor-element elementor-element-26cd37b elementor-widget elementor-widget-spacer\" data-id=\"26cd37b\" data-element_type=\"widget\" data-e-type=\"widget\" data-widget_type=\"spacer.default\">\n\t\t\t\t<div class=\"elementor-widget-container\">\n\t\t\t\t\t\t\t<div class=\"elementor-spacer\">\n\t\t\t<div class=\"elementor-spacer-inner\"><\/div>\n\t\t<\/div>\n\t\t\t\t\t\t<\/div>\n\t\t\t\t<\/div>\n\t\t<div class=\"elementor-element elementor-element-3121539 e-con-full module-padding-universal e-flex e-con e-child\" data-id=\"3121539\" data-element_type=\"container\" data-e-type=\"container\" data-settings=\"{&quot;background_background&quot;:&quot;classic&quot;}\">\n\t\t<div class=\"elementor-element elementor-element-4321444 e-con-full e-flex e-con e-child\" data-id=\"4321444\" data-element_type=\"container\" data-e-type=\"container\">\n\t\t\t\t<div class=\"elementor-element elementor-element-5ec4241 medium elementor-widget elementor-widget-heading\" data-id=\"5ec4241\" data-element_type=\"widget\" data-e-type=\"widget\" data-widget_type=\"heading.default\">\n\t\t\t\t<div class=\"elementor-widget-container\">\n\t\t\t\t\t<h2 class=\"elementor-heading-title elementor-size-default\">Entdecke das ultimative 24\/7 Pickleball-Erlebnis <\/h2>\t\t\t\t<\/div>\n\t\t\t\t<\/div>\n\t\t\t\t<div class=\"elementor-element elementor-element-06796a4 elementor-widget elementor-widget-text-editor\" data-id=\"06796a4\" data-element_type=\"widget\" data-e-type=\"widget\" data-widget_type=\"text-editor.default\">\n\t\t\t\t<div class=\"elementor-widget-container\">\n\t\t\t\t\t\t\t\t\t<p>Dein Tor zu endlosem Spielspa\u00df, \u00fcberall und jederzeit. Als #emember verwandelst du jeden Ort in deinen pers\u00f6nlichen Micro Club, ideal f\u00fcr Spiele mit Freunden. Kreiere eigene Events, fordere mobile Courts und Starter Sets an, und bringe das Spiel zu dir, wo auch immer du bist. Unser Club folgt dir \u2013 deine Leidenschaft, deine Regeln. Wir sind mehr als nur ein Spielort; wir sind eine Gemeinschaft, die deine Begeisterung f\u00fcr Pickleball teilt.<\/p><p>Tritt uns bei und sei Teil einer Bewegung, die keine Grenzen kennt. Wir warten auf dich \u2013 lass uns gemeinsam die Welt des Pickleball neu definieren.<\/p>\t\t\t\t\t\t\t\t<\/div>\n\t\t\t\t<\/div>\n\t\t\t\t<\/div>\n\t\t\t\t<\/div>\n\t\t\t\t<\/div>\n\t\t\t\t<\/div>\n\t\t","protected":false},"excerpt":{"rendered":"<p>Entdecke das ultimative 24\/7 Pickleball-Erlebnis Dein Tor zu endlosem Spielspa\u00df, \u00fcberall und jederzeit. Als #emember verwandelst du jeden Ort in deinen pers\u00f6nlichen Micro Club, ideal f\u00fcr Spiele mit Freunden. Kreiere eigene Events, fordere mobile Courts und Starter Sets an, und bringe das Spiel zu dir, wo auch immer du bist. Unser Club folgt dir \u2013 [&hellip;]<\/p>\n","protected":false},"author":3,"featured_media":1483,"parent":0,"menu_order":0,"comment_status":"closed","ping_status":"closed","template":"","meta":{"footnotes":""},"folder":[],"class_list":["post-1468","page","type-page","status-publish","has-post-thumbnail","hentry"],"yoast_head":"<!-- This site is optimized with the Yoast SEO plugin v27.4 - https:\/\/yoast.com\/product\/yoast-seo-wordpress\/ -->\n<title>Clubhaus - Pickleball Vorarlberg<\/title>\n<meta name=\"robots\" content=\"index, follow, max-snippet:-1, max-image-preview:large, max-video-preview:-1\" \/>\n<link rel=\"canonical\" href=\"https:\/\/pickleball-vorarlberg.at\/index.php\/clubhaus\/\" \/>\n<meta property=\"og:locale\" content=\"de_DE\" \/>\n<meta property=\"og:type\" content=\"article\" \/>\n<meta property=\"og:title\" content=\"Clubhaus - Pickleball Vorarlberg\" \/>\n<meta property=\"og:description\" content=\"Entdecke das ultimative 24\/7 Pickleball-Erlebnis Dein Tor zu endlosem Spielspa\u00df, \u00fcberall und jederzeit. Als #emember verwandelst du jeden Ort in deinen pers\u00f6nlichen Micro Club, ideal f\u00fcr Spiele mit Freunden. Kreiere eigene Events, fordere mobile Courts und Starter Sets an, und bringe das Spiel zu dir, wo auch immer du bist. Unser Club folgt dir \u2013 [&hellip;]\" \/>\n<meta property=\"og:url\" content=\"https:\/\/pickleball-vorarlberg.at\/index.php\/clubhaus\/\" \/>\n<meta property=\"og:site_name\" content=\"Pickleball Vorarlberg\" \/>\n<meta property=\"article:modified_time\" content=\"2024-03-04T16:13:10+00:00\" \/>\n<meta property=\"og:image\" content=\"https:\/\/pickleball-vorarlberg.at\/wp-content\/uploads\/2024\/02\/AdobeStock_437422513-scaled.jpeg\" \/>\n\t<meta property=\"og:image:width\" content=\"2217\" \/>\n\t<meta property=\"og:image:height\" content=\"2560\" \/>\n\t<meta property=\"og:image:type\" content=\"image\/jpeg\" \/>\n<meta name=\"twitter:card\" content=\"summary_large_image\" \/>\n<meta name=\"twitter:label1\" content=\"Gesch\u00e4tzte Lesezeit\" \/>\n\t<meta name=\"twitter:data1\" content=\"1\u00a0Minute\" \/>\n<script type=\"application\/ld+json\" class=\"yoast-schema-graph\">{\"@context\":\"https:\\\/\\\/schema.org\",\"@graph\":[{\"@type\":\"WebPage\",\"@id\":\"https:\\\/\\\/pickleball-vorarlberg.at\\\/index.php\\\/clubhaus\\\/\",\"url\":\"https:\\\/\\\/pickleball-vorarlberg.at\\\/index.php\\\/clubhaus\\\/\",\"name\":\"Clubhaus - Pickleball Vorarlberg\",\"isPartOf\":{\"@id\":\"https:\\\/\\\/pickleball-vorarlberg.at\\\/#website\"},\"primaryImageOfPage\":{\"@id\":\"https:\\\/\\\/pickleball-vorarlberg.at\\\/index.php\\\/clubhaus\\\/#primaryimage\"},\"image\":{\"@id\":\"https:\\\/\\\/pickleball-vorarlberg.at\\\/index.php\\\/clubhaus\\\/#primaryimage\"},\"thumbnailUrl\":\"https:\\\/\\\/pickleball-vorarlberg.at\\\/wp-content\\\/uploads\\\/2024\\\/02\\\/AdobeStock_437422513-scaled.jpeg\",\"datePublished\":\"2024-02-28T07:43:34+00:00\",\"dateModified\":\"2024-03-04T16:13:10+00:00\",\"breadcrumb\":{\"@id\":\"https:\\\/\\\/pickleball-vorarlberg.at\\\/index.php\\\/clubhaus\\\/#breadcrumb\"},\"inLanguage\":\"de\",\"potentialAction\":[{\"@type\":\"ReadAction\",\"target\":[\"https:\\\/\\\/pickleball-vorarlberg.at\\\/index.php\\\/clubhaus\\\/\"]}]},{\"@type\":\"ImageObject\",\"inLanguage\":\"de\",\"@id\":\"https:\\\/\\\/pickleball-vorarlberg.at\\\/index.php\\\/clubhaus\\\/#primaryimage\",\"url\":\"https:\\\/\\\/pickleball-vorarlberg.at\\\/wp-content\\\/uploads\\\/2024\\\/02\\\/AdobeStock_437422513-scaled.jpeg\",\"contentUrl\":\"https:\\\/\\\/pickleball-vorarlberg.at\\\/wp-content\\\/uploads\\\/2024\\\/02\\\/AdobeStock_437422513-scaled.jpeg\",\"width\":2217,\"height\":2560},{\"@type\":\"BreadcrumbList\",\"@id\":\"https:\\\/\\\/pickleball-vorarlberg.at\\\/index.php\\\/clubhaus\\\/#breadcrumb\",\"itemListElement\":[{\"@type\":\"ListItem\",\"position\":1,\"name\":\"Startseite\",\"item\":\"https:\\\/\\\/pickleball-vorarlberg.at\\\/\"},{\"@type\":\"ListItem\",\"position\":2,\"name\":\"Clubhaus\"}]},{\"@type\":\"WebSite\",\"@id\":\"https:\\\/\\\/pickleball-vorarlberg.at\\\/#website\",\"url\":\"https:\\\/\\\/pickleball-vorarlberg.at\\\/\",\"name\":\"Pickleball Vorarlberg\",\"description\":\"Der erste Pickleball-Verein in Vorarlberg\",\"publisher\":{\"@id\":\"https:\\\/\\\/pickleball-vorarlberg.at\\\/#organization\"},\"potentialAction\":[{\"@type\":\"SearchAction\",\"target\":{\"@type\":\"EntryPoint\",\"urlTemplate\":\"https:\\\/\\\/pickleball-vorarlberg.at\\\/?s={search_term_string}\"},\"query-input\":{\"@type\":\"PropertyValueSpecification\",\"valueRequired\":true,\"valueName\":\"search_term_string\"}}],\"inLanguage\":\"de\"},{\"@type\":\"Organization\",\"@id\":\"https:\\\/\\\/pickleball-vorarlberg.at\\\/#organization\",\"name\":\"Pickleball Vorarlberg\",\"url\":\"https:\\\/\\\/pickleball-vorarlberg.at\\\/\",\"logo\":{\"@type\":\"ImageObject\",\"inLanguage\":\"de\",\"@id\":\"https:\\\/\\\/pickleball-vorarlberg.at\\\/#\\\/schema\\\/logo\\\/image\\\/\",\"url\":\"https:\\\/\\\/pickleball-vorarlberg.at\\\/wp-content\\\/uploads\\\/2022\\\/07\\\/Pickleball_Vorarlberg_Logo.svg\",\"contentUrl\":\"https:\\\/\\\/pickleball-vorarlberg.at\\\/wp-content\\\/uploads\\\/2022\\\/07\\\/Pickleball_Vorarlberg_Logo.svg\",\"caption\":\"Pickleball Vorarlberg\"},\"image\":{\"@id\":\"https:\\\/\\\/pickleball-vorarlberg.at\\\/#\\\/schema\\\/logo\\\/image\\\/\"}}]}<\/script>\n<!-- \/ Yoast SEO plugin. -->","yoast_head_json":{"title":"Clubhaus - Pickleball Vorarlberg","robots":{"index":"index","follow":"follow","max-snippet":"max-snippet:-1","max-image-preview":"max-image-preview:large","max-video-preview":"max-video-preview:-1"},"canonical":"https:\/\/pickleball-vorarlberg.at\/index.php\/clubhaus\/","og_locale":"de_DE","og_type":"article","og_title":"Clubhaus - Pickleball Vorarlberg","og_description":"Entdecke das ultimative 24\/7 Pickleball-Erlebnis Dein Tor zu endlosem Spielspa\u00df, \u00fcberall und jederzeit. Als #emember verwandelst du jeden Ort in deinen pers\u00f6nlichen Micro Club, ideal f\u00fcr Spiele mit Freunden. Kreiere eigene Events, fordere mobile Courts und Starter Sets an, und bringe das Spiel zu dir, wo auch immer du bist. Unser Club folgt dir \u2013 [&hellip;]","og_url":"https:\/\/pickleball-vorarlberg.at\/index.php\/clubhaus\/","og_site_name":"Pickleball Vorarlberg","article_modified_time":"2024-03-04T16:13:10+00:00","og_image":[{"width":2217,"height":2560,"url":"https:\/\/pickleball-vorarlberg.at\/wp-content\/uploads\/2024\/02\/AdobeStock_437422513-scaled.jpeg","type":"image\/jpeg"}],"twitter_card":"summary_large_image","twitter_misc":{"Gesch\u00e4tzte Lesezeit":"1\u00a0Minute"},"schema":{"@context":"https:\/\/schema.org","@graph":[{"@type":"WebPage","@id":"https:\/\/pickleball-vorarlberg.at\/index.php\/clubhaus\/","url":"https:\/\/pickleball-vorarlberg.at\/index.php\/clubhaus\/","name":"Clubhaus - Pickleball Vorarlberg","isPartOf":{"@id":"https:\/\/pickleball-vorarlberg.at\/#website"},"primaryImageOfPage":{"@id":"https:\/\/pickleball-vorarlberg.at\/index.php\/clubhaus\/#primaryimage"},"image":{"@id":"https:\/\/pickleball-vorarlberg.at\/index.php\/clubhaus\/#primaryimage"},"thumbnailUrl":"https:\/\/pickleball-vorarlberg.at\/wp-content\/uploads\/2024\/02\/AdobeStock_437422513-scaled.jpeg","datePublished":"2024-02-28T07:43:34+00:00","dateModified":"2024-03-04T16:13:10+00:00","breadcrumb":{"@id":"https:\/\/pickleball-vorarlberg.at\/index.php\/clubhaus\/#breadcrumb"},"inLanguage":"de","potentialAction":[{"@type":"ReadAction","target":["https:\/\/pickleball-vorarlberg.at\/index.php\/clubhaus\/"]}]},{"@type":"ImageObject","inLanguage":"de","@id":"https:\/\/pickleball-vorarlberg.at\/index.php\/clubhaus\/#primaryimage","url":"https:\/\/pickleball-vorarlberg.at\/wp-content\/uploads\/2024\/02\/AdobeStock_437422513-scaled.jpeg","contentUrl":"https:\/\/pickleball-vorarlberg.at\/wp-content\/uploads\/2024\/02\/AdobeStock_437422513-scaled.jpeg","width":2217,"height":2560},{"@type":"BreadcrumbList","@id":"https:\/\/pickleball-vorarlberg.at\/index.php\/clubhaus\/#breadcrumb","itemListElement":[{"@type":"ListItem","position":1,"name":"Startseite","item":"https:\/\/pickleball-vorarlberg.at\/"},{"@type":"ListItem","position":2,"name":"Clubhaus"}]},{"@type":"WebSite","@id":"https:\/\/pickleball-vorarlberg.at\/#website","url":"https:\/\/pickleball-vorarlberg.at\/","name":"Pickleball Vorarlberg","description":"Der erste Pickleball-Verein in Vorarlberg","publisher":{"@id":"https:\/\/pickleball-vorarlberg.at\/#organization"},"potentialAction":[{"@type":"SearchAction","target":{"@type":"EntryPoint","urlTemplate":"https:\/\/pickleball-vorarlberg.at\/?s={search_term_string}"},"query-input":{"@type":"PropertyValueSpecification","valueRequired":true,"valueName":"search_term_string"}}],"inLanguage":"de"},{"@type":"Organization","@id":"https:\/\/pickleball-vorarlberg.at\/#organization","name":"Pickleball Vorarlberg","url":"https:\/\/pickleball-vorarlberg.at\/","logo":{"@type":"ImageObject","inLanguage":"de","@id":"https:\/\/pickleball-vorarlberg.at\/#\/schema\/logo\/image\/","url":"https:\/\/pickleball-vorarlberg.at\/wp-content\/uploads\/2022\/07\/Pickleball_Vorarlberg_Logo.svg","contentUrl":"https:\/\/pickleball-vorarlberg.at\/wp-content\/uploads\/2022\/07\/Pickleball_Vorarlberg_Logo.svg","caption":"Pickleball Vorarlberg"},"image":{"@id":"https:\/\/pickleball-vorarlberg.at\/#\/schema\/logo\/image\/"}}]}},"_links":{"self":[{"href":"https:\/\/pickleball-vorarlberg.at\/index.php\/wp-json\/wp\/v2\/pages\/1468","targetHints":{"allow":["GET"]}}],"collection":[{"href":"https:\/\/pickleball-vorarlberg.at\/index.php\/wp-json\/wp\/v2\/pages"}],"about":[{"href":"https:\/\/pickleball-vorarlberg.at\/index.php\/wp-json\/wp\/v2\/types\/page"}],"author":[{"embeddable":true,"href":"https:\/\/pickleball-vorarlberg.at\/index.php\/wp-json\/wp\/v2\/users\/3"}],"replies":[{"embeddable":true,"href":"https:\/\/pickleball-vorarlberg.at\/index.php\/wp-json\/wp\/v2\/comments?post=1468"}],"version-history":[{"count":0,"href":"https:\/\/pickleball-vorarlberg.at\/index.php\/wp-json\/wp\/v2\/pages\/1468\/revisions"}],"wp:featuredmedia":[{"embeddable":true,"href":"https:\/\/pickleball-vorarlberg.at\/index.php\/wp-json\/wp\/v2\/media\/1483"}],"wp:attachment":[{"href":"https:\/\/pickleball-vorarlberg.at\/index.php\/wp-json\/wp\/v2\/media?parent=1468"}],"wp:term":[{"taxonomy":"folder","embeddable":true,"href":"https:\/\/pickleball-vorarlberg.at\/index.php\/wp-json\/wp\/v2\/folder?post=1468"}],"curies":[{"name":"wp","href":"https:\/\/api.w.org\/{rel}","templated":true}]}}